{"id":1390,"date":"2017-10-16T03:03:05","date_gmt":"2017-10-15T21:33:05","guid":{"rendered":"https:\/\/royaldjurgarden.se\/nationalstadsparkerna\/"},"modified":"2025-02-13T17:48:02","modified_gmt":"2025-02-13T15:48:02","slug":"the-royal-city-park","status":"publish","type":"page","link":"https:\/\/royaldjurgarden.se\/en\/the-royal-city-park\/","title":{"rendered":"The Royal National City Park"},"content":{"rendered":"<p>The Royal National City Park is the capital\u2019s green oasis. A few steps away from the city of Stockholm you can walk in ancient forest and open land, take a bicycle ride through historical landscapes, do birdwatching and swim from your own beach. And there is no charge to the park.<\/p>\n<p>The park stretches from Djurg\u00e5rden and the island Fj\u00e4derholmarna in the south to S\u00f6rentorp and Ulriksdal in the north. This is a place where you can relax and just enjoy the nature or go\u00a0for an adventure and see beautiful buildings, visit castles and museums.<\/p>\n","protected":false},"excerpt":{"rendered":"<p>The Royal National City Park is the capital\u2019s green oasis. A few steps away from the city of Stockholm you can walk in ancient forest and open land, take a bicycle ride through historical landscapes, do birdwatching and swim from your own beach. And there is no charge to the park. The park stretches from<\/p>\n","protected":false},"author":5,"featured_media":1731,"parent":0,"menu_order":0,"comment_status":"closed","ping_status":"closed","template":"page-templates\/about-page.php","meta":{"_acf_changed":false,"inline_featured_image":false,"footnotes":""},"yst_prominent_words":[523],"class_list":["post-1390","page","type-page","status-publish","has-post-thumbnail","hentry"],"acf":[],"_links":{"self":[{"href":"https:\/\/royaldjurgarden.se\/en\/wp-json\/wp\/v2\/pages\/1390","targetHints":{"allow":["GET"]}}],"collection":[{"href":"https:\/\/royaldjurgarden.se\/en\/wp-json\/wp\/v2\/pages"}],"about":[{"href":"https:\/\/royaldjurgarden.se\/en\/wp-json\/wp\/v2\/types\/page"}],"author":[{"embeddable":true,"href":"https:\/\/royaldjurgarden.se\/en\/wp-json\/wp\/v2\/users\/5"}],"replies":[{"embeddable":true,"href":"https:\/\/royaldjurgarden.se\/en\/wp-json\/wp\/v2\/comments?post=1390"}],"version-history":[{"count":2,"href":"https:\/\/royaldjurgarden.se\/en\/wp-json\/wp\/v2\/pages\/1390\/revisions"}],"predecessor-version":[{"id":60994,"href":"https:\/\/royaldjurgarden.se\/en\/wp-json\/wp\/v2\/pages\/1390\/revisions\/60994"}],"wp:featuredmedia":[{"embeddable":true,"href":"https:\/\/royaldjurgarden.se\/en\/wp-json\/wp\/v2\/media\/1731"}],"wp:attachment":[{"href":"https:\/\/royaldjurgarden.se\/en\/wp-json\/wp\/v2\/media?parent=1390"}],"wp:term":[{"taxonomy":"yst_prominent_words","embeddable":true,"href":"https:\/\/royaldjurgarden.se\/en\/wp-json\/wp\/v2\/yst_prominent_words?post=1390"}],"curies":[{"name":"wp","href":"https:\/\/api.w.org\/{rel}","templated":true}]}}