{"id":1394,"date":"2017-10-16T03:04:46","date_gmt":"2017-10-15T21:34:46","guid":{"rendered":"https:\/\/royaldjurgarden.se\/kungliga-djurgardens-intressenter\/"},"modified":"2021-02-17T11:35:43","modified_gmt":"2021-02-17T09:35:43","slug":"the-royal-djurgarden-society","status":"publish","type":"page","link":"https:\/\/royaldjurgarden.se\/en\/the-royal-djurgarden-society\/","title":{"rendered":"The Royal Djurg\u00e5rden Society"},"content":{"rendered":"<p><em>Royal Djurg\u00e5rden is a green oasis in the centre of Stockholm where both locals and visitors come and enjoy themselves. We have a tradition of over 400 years as a paradise for recreation and entertainment that we want to carry forward into the future.<\/em><\/p>\n<p>The Royal Djurg\u00e5rden Society (Kungliga Djurg\u00e5rdens Intressenter\/KDI) brings together the attractions at Royal Djurg\u00e5rden. Museums, art galleries, entertainment venues, restaurants, service and transport companies collaborate, develop and strengthen Royal Djurg\u00e5rden as a visitor destination. Through KDI AB, KDI works with sustainability, transport, marketing, PR and coordination of joint activities. KDI AB has established itself as one of the key players in Stockholm&#8217;s tourism industry. Our ambition is to work together for the sustainable growth and development of Royal Djurg\u00e5rden, so that it can be enjoyed by and inspiring to visitors. Royal Djurg\u00e5rden is an important part of Stockholm, the capital of Scandinavia.<\/p>\n<p><strong>OUR VISION<\/strong><br \/>\nOur vision is not just a destination; it\u2019s a continuous journey.<\/p>\n<p>BIGGEST<br \/>\nRoyal Djurg\u00e5rden is already Scandinavia\u2019s #1 attraction, with over 15 million visitors every year. No place in Scandinavia comes close when it comes to the range of activities and things there are to do and discover. But it\u2019s not just about visitor numbers. We are home to so many aspects of Sweden\u2019s culture. We are also ambitious and want to keep on progressing. We have big ideas about what we can achieve by working together.<\/p>\n<p>GREENEST<br \/>\nBut we don\u2019t want to be biggest at any price. We want to be #1 when it comes to being the greenest destination as well. We have accumulated 400 years of long-term thinking, and we want to make this central to our vision. Green? There\u2019s actually no greener place in Stockholm.<\/p>\n<p>COOLEST<br \/>\n\u2018Wow! What a cool place!&#8217; is the usual response when people first discover Djurg\u00e5rden. Having fun is cool and Djurg\u00e5rden has always been about enjoyment. But culture can also be cool when presented in the right way. Djurg\u00e5rden is the place Stockholmers come to when they want to relax and enjoy anything from a walk in the park to a jog or bike ride, or to experience culture, design or ideas. In fact, you can find everything from ABBA to Pippi, the Vasa or even a zoo here at Royal Djurg\u00e5rden.<\/p>\n","protected":false},"excerpt":{"rendered":"<p>Royal Djurg\u00e5rden is a green oasis in the centre of Stockholm where both locals and visitors come and enjoy themselves. We have a tradition of over 400 years as a paradise for recreation and entertainment that we want to carry forward into the future. The Royal Djurg\u00e5rden Society (Kungliga Djurg\u00e5rdens Intressenter\/KDI) brings together the attractions<\/p>\n","protected":false},"author":5,"featured_media":64,"parent":0,"menu_order":0,"comment_status":"closed","ping_status":"closed","template":"page-templates\/about-page.php","meta":{"_acf_changed":false,"inline_featured_image":false,"footnotes":""},"yst_prominent_words":[],"class_list":["post-1394","page","type-page","status-publish","has-post-thumbnail","hentry"],"acf":[],"_links":{"self":[{"href":"https:\/\/royaldjurgarden.se\/en\/wp-json\/wp\/v2\/pages\/1394","targetHints":{"allow":["GET"]}}],"collection":[{"href":"https:\/\/royaldjurgarden.se\/en\/wp-json\/wp\/v2\/pages"}],"about":[{"href":"https:\/\/royaldjurgarden.se\/en\/wp-json\/wp\/v2\/types\/page"}],"author":[{"embeddable":true,"href":"https:\/\/royaldjurgarden.se\/en\/wp-json\/wp\/v2\/users\/5"}],"replies":[{"embeddable":true,"href":"https:\/\/royaldjurgarden.se\/en\/wp-json\/wp\/v2\/comments?post=1394"}],"version-history":[{"count":0,"href":"https:\/\/royaldjurgarden.se\/en\/wp-json\/wp\/v2\/pages\/1394\/revisions"}],"wp:featuredmedia":[{"embeddable":true,"href":"https:\/\/royaldjurgarden.se\/en\/wp-json\/wp\/v2\/media\/64"}],"wp:attachment":[{"href":"https:\/\/royaldjurgarden.se\/en\/wp-json\/wp\/v2\/media?parent=1394"}],"wp:term":[{"taxonomy":"yst_prominent_words","embeddable":true,"href":"https:\/\/royaldjurgarden.se\/en\/wp-json\/wp\/v2\/yst_prominent_words?post=1394"}],"curies":[{"name":"wp","href":"https:\/\/api.w.org\/{rel}","templated":true}]}}