{"id":1425,"date":"2017-10-23T13:23:43","date_gmt":"2017-10-23T07:53:43","guid":{"rendered":"https:\/\/royaldjurgarden.se\/?page_id=1425"},"modified":"2020-04-10T14:38:14","modified_gmt":"2020-04-10T12:38:14","slug":"how-to-get-here","status":"publish","type":"page","link":"https:\/\/royaldjurgarden.se\/en\/how-to-get-here\/","title":{"rendered":"How to get here"},"content":{"rendered":"<p>It is easy to get here \u2013 both in the summer and in the winter. Choose the method that suits you best. The easiest is to walk or cycle here, or take the ferry, bus or tram.<\/p>\n<p><strong><a href=\"https:\/\/www.google.se\/maps\/dir\/\/Djurg\u00e5rden,+\u00d6stermalm,+Stockholm\/@59.3246127,18.1040241,14z\/data=!4m8!4m7!1m0!1m5!1m1!1s0x465f8298a833aa19:0x20d18b1525512c28!2m2!1d18.1132093!2d59.3262837?hl=en\" target=\"_blank\" rel=\"noopener noreferrer\">Here is a map with directions for how to get here.<\/a><\/strong><\/p>\n<p>TRAM<\/p>\n<p><strong>Tram number 7<\/strong>. From the Central station (T-Centralen) to Djurg\u00e5rden with the final stop at Waldemarsudde, with several stops on Djurg\u00e5rden, including Nordiska museet\/Vasamuseet\/Junibacken and Liljevalchs\/Gr\u00f6na Lund.<br \/>\nTimetables and prices: <a href=\"https:\/\/sl.se\/en\/\" target=\"_blank\" rel=\"noopener noreferrer\">Plan your trip <\/a><\/p>\n<p><strong>Heritage trams &#8211; number 7N.<\/strong> From Norrmalmstorg to Skansen, with several stops on Djurg\u00e5rden, including Nordiska museet\/Vasamuseet\/Junibacken and Liljevalchs\/Gr\u00f6na Lund. The caf\u00e9 tram continues all the way out to Waldemarsudde and Bellmansro.<br \/>\nTimetables and prices: <a href=\"http:\/\/www.djurgardslinjen.se\/en\/the-cafe-tram\/\" target=\"_blank\" rel=\"noopener noreferrer\">Plan your trip <\/a><\/p>\n<p>BUSES<\/p>\n<p><strong>Bus 67.<\/strong> From Odenplan to Blockhusudden with stops at Nordiska museet\/Vasamuseet\/Junibacken and Liljevalchs\/Gr\u00f6na Lund, among others. Connection with the metro at Karlaplan.<\/p>\n<p><strong>Bus 69.\u00a0<\/strong>From Centralen to Kakn\u00e4stornet, with stops at Djurg\u00e5rdsbron, Museiparken and Kakn\u00e4stornet, among others.<\/p>\n<p><strong>Bus 76.<\/strong> From Norra Hammarbyhamnen to Ropsten. The bus stops at Djurg\u00e5rdsbron, and from there it is a short walk across the bridge to southern Djurg\u00e5rden.<br \/>\nTimetables and prices: <a href=\"https:\/\/sl.se\/en\/\" target=\"_blank\" rel=\"noopener noreferrer\">Plan your trip <\/a><\/p>\n<p><em>Other buses<\/em><\/p>\n<p><strong>Sightseeing bus, Hop-on Hop-off<\/strong>. The Red and green buses have several stops in Stockholm City and on Djurg\u00e5rden.<br \/>\nTimetables and prices: <a href=\"https:\/\/www.stromma.se\/en\/stockholm\/sightseeing\/sightseeing-by-bus\/hop-on-hop-off\/\" target=\"_blank\" rel=\"noopener noreferrer\">Str\u00f6mma timetable<\/a>\u00a0or\u00a0<a href=\"https:\/\/www.redsightseeing.com\/our-tours\/hop-on-hop-off-bus-stockholm\/\" target=\"_blank\" rel=\"noopener noreferrer\">Red sightseeing timetable<\/a><\/p>\n<p>BOATS AND FERRIES<\/p>\n<p><strong>Djurg\u00e5rden ferries.<\/strong> These run all year round from Slussen to Allm\u00e4nna gr\u00e4nd on southern Djurg\u00e5rden.<br \/>\nTimetable and prices: <a href=\"https:\/\/sl.se\/en\/#\/Travel\/SearchTravelById\/Slussen%20(Stockholm)\/Allm%C3%A4nna%20gr%C3%A4nd%20(Djurg%C3%A5rdsf%C3%A4rjan)%20%20(Stockholm)\/9192\/312\/null\/depart\/en\/null\/null\/2,8,1,4,96,\/null\/null\/null\/null\/null\/false\/null\/0\/0\/null\/false\" target=\"_blank\" rel=\"noopener noreferrer\">See timetable<\/a><\/p>\n<p><strong>Sj\u00f6v\u00e4gen 80.<\/strong> From Nybroplan to Allm\u00e4nna gr\u00e4nd and southern Djurg\u00e5rden.<br \/>\nTimetables and prices: <a href=\"http:\/\/www.sjovagen.nu\/web\/page.aspx?refid=32\" target=\"_blank\" rel=\"noopener noreferrer\">See timetable<\/a><\/p>\n<p><strong>M\/S Emelie.<\/strong> From Nybroplan, Mastamnen (close to the Vikingline ferry terminal) and Hammarby Sj\u00f6stad (Sustainable City) to Allm\u00e4nna Gr\u00e4nd on southern Djurg\u00e5rden.<br \/>\nTimetables and prices: <a href=\"http:\/\/ressel.se\/?page_id=3628&amp;lang=sv\" target=\"_blank\" rel=\"noopener noreferrer\">See timetable<\/a><\/p>\n<p><strong>Sightseeing boat, Hop-on Hop-off.<\/strong> Stops at the Vasa museum and Allm\u00e4nna gr\u00e4nd at Djurg\u00e5rden.<br \/>\nTimetables and prices: <a href=\"https:\/\/www.stromma.se\/en\/stockholm\/sightseeing\/sightseeing-by-boat\/hop-on-hop-off-boat\/\" target=\"_blank\" rel=\"noopener noreferrer\">Str\u00f6mma timetable<\/a>\u00a0or <a href=\"https:\/\/www.redsightseeing.com\/our-tours\/hop-on-hop-off-boat-stockholm\/\" target=\"_blank\" rel=\"noopener noreferrer\">Red sightseeing timetable<\/a><\/p>\n<p>WALKING OR CYCLING<\/p>\n<p>It&#8217;s easy to walk or cycle to Djurg\u00e5rden. It takes about 20 minutes to walk from Nybroplan, and about 5 minutes to cycle.<br \/>\n<a href=\"https:\/\/www.google.se\/maps\/dir\/Nybroplan,+Stockholm\/Djurg%C3%A5rden,+%C3%96stermalm,+Stockholm\/@59.3276648,18.0787697,14z\/data=!3m1!4b1!4m13!4m12!1m5!1m1!1s0x465f9d5bca7ae5a5:0x8f1eb9b2c1ac767b!2m2!1d18.0762035!2d59.3327068!1m5!1m1!1s0x465f82a5d9b7164f:0x5abd0eac4c5ed217!2m2!1d18.1132151!2d59.326284\" target=\"_blank\" rel=\"noopener noreferrer\">This site is useful for planning your route.<\/a><\/p>\n<p>BY CAR<\/p>\n<p><strong>Parking. <\/strong>A few parking places are available on southern Djurg\u00e5rden and in Museiparken. Djurg\u00e5rdsbron is closed to traffic during weekends and days on which events take place. <a href=\"http:\/\/www.estate.se\/parkering\/\" target=\"_blank\" rel=\"noopener noreferrer\">More information is available here<\/a><br \/>\n<a href=\"http:\/\/www.stockholm.se\/-\/Nyheter\/Trafik--Stadsmiljo\/Djurgardsbrons-avstangningar-sommaren-2017\/\" target=\"_blank\" rel=\"noopener noreferrer\">More information is available here<\/a><\/p>\n<p>OWN BOAT<\/p>\n<p>Harbour facilities are available at Wasahamnen guest harbour. Depth: 2-6m. Mooring: booms, buoys, and long-side mooring. <a href=\"https:\/\/wasahamnen.se\/?lang=en\" target=\"_blank\" rel=\"noopener noreferrer\">More information is available here<\/a><\/p>\n","protected":false},"excerpt":{"rendered":"<p>It is easy to get here \u2013 both in the summer and in the winter. Choose the method that suits you best. The easiest is to walk or cycle here, or take the ferry, bus or tram. Here is a map with directions for how to get here. TRAM Tram number 7. From the Central<\/p>\n","protected":false},"author":5,"featured_media":1417,"parent":0,"menu_order":0,"comment_status":"closed","ping_status":"closed","template":"page-templates\/about-page.php","meta":{"_acf_changed":false,"inline_featured_image":false,"footnotes":""},"yst_prominent_words":[],"class_list":["post-1425","page","type-page","status-publish","has-post-thumbnail","hentry"],"acf":[],"_links":{"self":[{"href":"https:\/\/royaldjurgarden.se\/en\/wp-json\/wp\/v2\/pages\/1425","targetHints":{"allow":["GET"]}}],"collection":[{"href":"https:\/\/royaldjurgarden.se\/en\/wp-json\/wp\/v2\/pages"}],"about":[{"href":"https:\/\/royaldjurgarden.se\/en\/wp-json\/wp\/v2\/types\/page"}],"author":[{"embeddable":true,"href":"https:\/\/royaldjurgarden.se\/en\/wp-json\/wp\/v2\/users\/5"}],"replies":[{"embeddable":true,"href":"https:\/\/royaldjurgarden.se\/en\/wp-json\/wp\/v2\/comments?post=1425"}],"version-history":[{"count":0,"href":"https:\/\/royaldjurgarden.se\/en\/wp-json\/wp\/v2\/pages\/1425\/revisions"}],"wp:featuredmedia":[{"embeddable":true,"href":"https:\/\/royaldjurgarden.se\/en\/wp-json\/wp\/v2\/media\/1417"}],"wp:attachment":[{"href":"https:\/\/royaldjurgarden.se\/en\/wp-json\/wp\/v2\/media?parent=1425"}],"wp:term":[{"taxonomy":"yst_prominent_words","embeddable":true,"href":"https:\/\/royaldjurgarden.se\/en\/wp-json\/wp\/v2\/yst_prominent_words?post=1425"}],"curies":[{"name":"wp","href":"https:\/\/api.w.org\/{rel}","templated":true}]}}