{"id":15,"date":"2017-08-22T15:26:03","date_gmt":"2017-08-22T09:56:03","guid":{"rendered":"https:\/\/royaldjurgarden.se\/?page_id=15"},"modified":"2025-04-26T08:12:32","modified_gmt":"2025-04-26T06:12:32","slug":"about","status":"publish","type":"page","link":"https:\/\/royaldjurgarden.se\/en\/about\/","title":{"rendered":"About"},"content":{"rendered":"<p><em>Royal Djurg\u00e5rden is a green oasis in the centre of Stockholm where both locals and visitors come and enjoy themselves. We have a tradition of over 400 years as a paradise for recreation and entertainment that we want to carry forward into the future.<\/em><\/p>\n<p><img loading=\"lazy\" decoding=\"async\" class=\"alignleft size-full wp-image-32083\" src=\"https:\/\/royaldjurgarden.se\/wp-content\/uploads\/2019\/04\/ibyragron_75x75-e1556281211642.jpg\" alt=\"\" width=\"60\" height=\"61\" \/>Royal Djurg\u00e5rden Visitor Center is a special tourist information service for Djurg\u00e5rden. Here you will find information about tourist attractions on southern and northern Djurg\u00e5rden. Read more about the <a href=\"https:\/\/royaldjurgarden.se\/en\/traffa-oss-pa-turistinformationen\/\" target=\"_blank\" rel=\"noopener\">tourist information here<\/a>. Kungliga Djurg\u00e5rdens Intressenter (The Royal Djurg\u00e5rden Society) is behind Royal Djurg\u00e5rden Visitor Center, together with our partners: the Stockholm County Administrative Board, F\u00f6rbundet f\u00f6r Ekoparken\/WWF, Kungliga Djurg\u00e5rdens F\u00f6rvaltning and restaurang Djurg\u00e5rdsbron.<\/p>\n<p><strong>Accessibility:<\/strong><\/p>\n<p><span class=\"jCAhz ChMk0b\"><span class=\"ryNqvb\">The tourist information is adapted for wheelchairs and strollers.<\/span><\/span> <span class=\"jCAhz ChMk0b\"><span class=\"ryNqvb\">There is also an accessible lift in the Restaurant Djurg\u00e5rdsbron, in which the Royal Djurg\u00e5rden Visitor Center is located.<\/span><\/span><\/p>\n<p>Here you will also find accessible and free toilets and a disabled toilet with a changing room. These toilets can be reached by lift.<\/p>\n<p>Guide, signal and assistance dogs are of course welcome.<\/p>\n<p><span class=\"jCAhz ChMk0b\"><span class=\"ryNqvb\">Find the Royal Djurg\u00e5rden Visitor Center <a href=\"https:\/\/royaldjurgarden.se\/hitta-hit\/\" target=\"_blank\" rel=\"noopener\">here.<\/a>.<\/span><\/span><\/p>\n","protected":false},"excerpt":{"rendered":"<p>Royal Djurg\u00e5rden is a green oasis in the centre of Stockholm where both locals and visitors come and enjoy themselves. We have a tradition of over 400 years as a paradise for recreation and entertainment that we want to carry forward into the future. Royal Djurg\u00e5rden Visitor Center is a special tourist information service for<\/p>\n","protected":false},"author":56,"featured_media":723,"parent":0,"menu_order":0,"comment_status":"closed","ping_status":"closed","template":"page-templates\/about-page.php","meta":{"_acf_changed":false,"inline_featured_image":false,"footnotes":""},"yst_prominent_words":[],"class_list":["post-15","page","type-page","status-publish","has-post-thumbnail","hentry"],"acf":[],"_links":{"self":[{"href":"https:\/\/royaldjurgarden.se\/en\/wp-json\/wp\/v2\/pages\/15","targetHints":{"allow":["GET"]}}],"collection":[{"href":"https:\/\/royaldjurgarden.se\/en\/wp-json\/wp\/v2\/pages"}],"about":[{"href":"https:\/\/royaldjurgarden.se\/en\/wp-json\/wp\/v2\/types\/page"}],"author":[{"embeddable":true,"href":"https:\/\/royaldjurgarden.se\/en\/wp-json\/wp\/v2\/users\/56"}],"replies":[{"embeddable":true,"href":"https:\/\/royaldjurgarden.se\/en\/wp-json\/wp\/v2\/comments?post=15"}],"version-history":[{"count":23,"href":"https:\/\/royaldjurgarden.se\/en\/wp-json\/wp\/v2\/pages\/15\/revisions"}],"predecessor-version":[{"id":62108,"href":"https:\/\/royaldjurgarden.se\/en\/wp-json\/wp\/v2\/pages\/15\/revisions\/62108"}],"wp:featuredmedia":[{"embeddable":true,"href":"https:\/\/royaldjurgarden.se\/en\/wp-json\/wp\/v2\/media\/723"}],"wp:attachment":[{"href":"https:\/\/royaldjurgarden.se\/en\/wp-json\/wp\/v2\/media?parent=15"}],"wp:term":[{"taxonomy":"yst_prominent_words","embeddable":true,"href":"https:\/\/royaldjurgarden.se\/en\/wp-json\/wp\/v2\/yst_prominent_words?post=15"}],"curies":[{"name":"wp","href":"https:\/\/api.w.org\/{rel}","templated":true}]}}